{"id":106,"date":"2022-01-12T14:51:54","date_gmt":"2022-01-12T13:51:54","guid":{"rendered":"https:\/\/dgs-d.de\/?page_id=106"},"modified":"2024-01-10T18:35:02","modified_gmt":"2024-01-10T17:35:02","slug":"dolmetschen-uebersetzen","status":"publish","type":"page","link":"https:\/\/dgs-d.de\/?page_id=106","title":{"rendered":"dolmetschen"},"content":{"rendered":"<p>&nbsp;<\/p>\n<p>Ich biete Dolmetschleistungen f\u00fcr die \u00dcbertragung von Deutsch in Deutsche Geb\u00e4rdensprache und Deutscher Geb\u00e4rdensprache in Deutsch an. Beides kann sowohl simultan als auch konsekutiv erfolgen. Die entsprechenden Bedingungen regeln die <a href=\"https:\/\/dgs-d.de\/?page_id=43\">AGB<\/a>.<\/p>\n<p>Meine Einsatzbereiche:<\/p>\n<h2 id=\"tablepress-1-name\" class=\"tablepress-table-name tablepress-table-name-id-1\"><\/h2>\n\n<table id=\"tablepress-1\" class=\"tablepress tablepress-id-1\" aria-labelledby=\"tablepress-1-name\">\n<tbody class=\"row-striping row-hover\">\n<tr class=\"row-1\">\n\t<td class=\"column-1\">Arbeitsleben<\/td><td class=\"column-2\">Arbeitsassistenz, Betriebsversammlung, Teamsitzung\/ Dienstberatung, Wahlen, Mitarbeitergespr\u00e4ch, Betriebsfeier\/ Jubil\u00e4um, Betriebsausflug u.w.<\/td>\n<\/tr>\n<tr class=\"row-2\">\n\t<td class=\"column-1\">Bildung<\/td><td class=\"column-2\">Fort-\/ Weiterbildung, Seminar, Ausbildung, Studium<\/td>\n<\/tr>\n<tr class=\"row-3\">\n\t<td class=\"column-1\">Medizin<\/td><td class=\"column-2\">ambulant: \u00e4rztliche Konsultation beim Haus-, Kinder- oder Facharzt, Psychologe, Therapie<br \/>\n<br \/>\nstation\u00e4r: Behandlung, (Aufkl\u00e4rungs-) Gespr\u00e4ch, Therapie<\/td>\n<\/tr>\n<tr class=\"row-4\">\n\t<td class=\"column-1\">Recht<\/td><td class=\"column-2\">Polizei, nur bedingt Gericht<\/td>\n<\/tr>\n<tr class=\"row-5\">\n\t<td class=\"column-1\">\u00c4mter<\/td><td class=\"column-2\">alle, z.B. Agentur f\u00fcr Arbeit, Jobcenter, Amt f\u00fcr Familie und Soziales, Jugendamt u.w.<\/td>\n<\/tr>\n<tr class=\"row-6\">\n\t<td class=\"column-1\">Privat<\/td><td class=\"column-2\">Elternabend, Beratungsgespr\u00e4ch, Paartherapie\/ -beratung, Jubil\u00e4um, Hochzeit, Beerdigung, Kaufvertrag, Notar\/ Rechtsanwalt, Sportveranstaltung u.v.m.<\/td>\n<\/tr>\n<tr class=\"row-7\">\n\t<td class=\"column-1\">\u00f6ffentliches Leben<\/td><td class=\"column-2\">politische und kulturelle Veranstaltungen<\/td>\n<\/tr>\n<tr class=\"row-8\">\n\t<td class=\"column-1\">online<\/td><td class=\"column-2\">auf Anfrage<\/td>\n<\/tr>\n<\/tbody>\n<\/table>\n<!-- #tablepress-1 from cache -->\n","protected":false},"excerpt":{"rendered":"<p class=\"qua-blog-post-description\">&nbsp; Ich biete Dolmetschleistungen f\u00fcr die \u00dcbertragung von Deutsch in Deutsche Geb\u00e4rdensprache und Deutscher Geb\u00e4rdensprache in Deutsch an. Beides kann sowohl simultan als auch konsekutiv erfolgen. Die entsprechenden Bedingungen regeln die AGB. Meine Einsatzbereiche:<\/p>\n","protected":false},"author":1,"featured_media":0,"parent":0,"menu_order":0,"comment_status":"closed","ping_status":"closed","template":"full-width.php","meta":{"footnotes":""},"class_list":["post-106","page","type-page","status-publish","hentry"],"yoast_head":"<!-- This site is optimized with the Yoast SEO plugin v27.5 - https:\/\/yoast.com\/product\/yoast-seo-wordpress\/ -->\n<title>dolmetschen - Das Gegen\u00fcber besser verstehen<\/title>\n<meta name=\"robots\" content=\"index, follow, max-snippet:-1, max-image-preview:large, max-video-preview:-1\" \/>\n<link rel=\"canonical\" href=\"https:\/\/dgs-d.de\/?page_id=106\" \/>\n<meta property=\"og:locale\" content=\"de_DE\" \/>\n<meta property=\"og:type\" content=\"article\" \/>\n<meta property=\"og:title\" content=\"dolmetschen - Das Gegen\u00fcber besser verstehen\" \/>\n<meta property=\"og:description\" content=\"&nbsp; Ich biete Dolmetschleistungen f\u00fcr die \u00dcbertragung von Deutsch in Deutsche Geb\u00e4rdensprache und Deutscher Geb\u00e4rdensprache in Deutsch an. Beides kann sowohl simultan als auch konsekutiv erfolgen. Die entsprechenden Bedingungen regeln die AGB. Meine Einsatzbereiche:\" \/>\n<meta property=\"og:url\" content=\"https:\/\/dgs-d.de\/?page_id=106\" \/>\n<meta property=\"og:site_name\" content=\"Das Gegen\u00fcber besser verstehen\" \/>\n<meta property=\"article:modified_time\" content=\"2024-01-10T17:35:02+00:00\" \/>\n<meta name=\"twitter:card\" content=\"summary_large_image\" \/>\n<meta name=\"twitter:label1\" content=\"Gesch\u00e4tzte Lesezeit\" \/>\n\t<meta name=\"twitter:data1\" content=\"1\u00a0Minute\" \/>\n<script type=\"application\/ld+json\" class=\"yoast-schema-graph\">{\"@context\":\"https:\\\/\\\/schema.org\",\"@graph\":[{\"@type\":\"WebPage\",\"@id\":\"https:\\\/\\\/dgs-d.de\\\/?page_id=106\",\"url\":\"https:\\\/\\\/dgs-d.de\\\/?page_id=106\",\"name\":\"dolmetschen - Das Gegen\u00fcber besser verstehen\",\"isPartOf\":{\"@id\":\"https:\\\/\\\/dgs-d.de\\\/#website\"},\"datePublished\":\"2022-01-12T13:51:54+00:00\",\"dateModified\":\"2024-01-10T17:35:02+00:00\",\"breadcrumb\":{\"@id\":\"https:\\\/\\\/dgs-d.de\\\/?page_id=106#breadcrumb\"},\"inLanguage\":\"de\",\"potentialAction\":[{\"@type\":\"ReadAction\",\"target\":[\"https:\\\/\\\/dgs-d.de\\\/?page_id=106\"]}]},{\"@type\":\"BreadcrumbList\",\"@id\":\"https:\\\/\\\/dgs-d.de\\\/?page_id=106#breadcrumb\",\"itemListElement\":[{\"@type\":\"ListItem\",\"position\":1,\"name\":\"Startseite\",\"item\":\"https:\\\/\\\/dgs-d.de\\\/\"},{\"@type\":\"ListItem\",\"position\":2,\"name\":\"dolmetschen\"}]},{\"@type\":\"WebSite\",\"@id\":\"https:\\\/\\\/dgs-d.de\\\/#website\",\"url\":\"https:\\\/\\\/dgs-d.de\\\/\",\"name\":\"Das Gegen\u00fcber besser verstehen\",\"description\":\"\u00dcbersetzungen f\u00fcr Deutsche Geb\u00e4rdensprache &amp; Deutsch\",\"publisher\":{\"@id\":\"https:\\\/\\\/dgs-d.de\\\/#organization\"},\"potentialAction\":[{\"@type\":\"SearchAction\",\"target\":{\"@type\":\"EntryPoint\",\"urlTemplate\":\"https:\\\/\\\/dgs-d.de\\\/?s={search_term_string}\"},\"query-input\":{\"@type\":\"PropertyValueSpecification\",\"valueRequired\":true,\"valueName\":\"search_term_string\"}}],\"inLanguage\":\"de\"},{\"@type\":\"Organization\",\"@id\":\"https:\\\/\\\/dgs-d.de\\\/#organization\",\"name\":\"Das Gegen\u00fcber besser verstehen\",\"url\":\"https:\\\/\\\/dgs-d.de\\\/\",\"logo\":{\"@type\":\"ImageObject\",\"inLanguage\":\"de\",\"@id\":\"https:\\\/\\\/dgs-d.de\\\/#\\\/schema\\\/logo\\\/image\\\/\",\"url\":\"https:\\\/\\\/dgs-d.de\\\/wp-content\\\/uploads\\\/2022\\\/01\\\/cropped-Logo_2-1.png\",\"contentUrl\":\"https:\\\/\\\/dgs-d.de\\\/wp-content\\\/uploads\\\/2022\\\/01\\\/cropped-Logo_2-1.png\",\"width\":153,\"height\":92,\"caption\":\"Das Gegen\u00fcber besser verstehen\"},\"image\":{\"@id\":\"https:\\\/\\\/dgs-d.de\\\/#\\\/schema\\\/logo\\\/image\\\/\"}}]}<\/script>\n<!-- \/ Yoast SEO plugin. -->","yoast_head_json":{"title":"dolmetschen - Das Gegen\u00fcber besser verstehen","robots":{"index":"index","follow":"follow","max-snippet":"max-snippet:-1","max-image-preview":"max-image-preview:large","max-video-preview":"max-video-preview:-1"},"canonical":"https:\/\/dgs-d.de\/?page_id=106","og_locale":"de_DE","og_type":"article","og_title":"dolmetschen - Das Gegen\u00fcber besser verstehen","og_description":"&nbsp; Ich biete Dolmetschleistungen f\u00fcr die \u00dcbertragung von Deutsch in Deutsche Geb\u00e4rdensprache und Deutscher Geb\u00e4rdensprache in Deutsch an. Beides kann sowohl simultan als auch konsekutiv erfolgen. Die entsprechenden Bedingungen regeln die AGB. Meine Einsatzbereiche:","og_url":"https:\/\/dgs-d.de\/?page_id=106","og_site_name":"Das Gegen\u00fcber besser verstehen","article_modified_time":"2024-01-10T17:35:02+00:00","twitter_card":"summary_large_image","twitter_misc":{"Gesch\u00e4tzte Lesezeit":"1\u00a0Minute"},"schema":{"@context":"https:\/\/schema.org","@graph":[{"@type":"WebPage","@id":"https:\/\/dgs-d.de\/?page_id=106","url":"https:\/\/dgs-d.de\/?page_id=106","name":"dolmetschen - Das Gegen\u00fcber besser verstehen","isPartOf":{"@id":"https:\/\/dgs-d.de\/#website"},"datePublished":"2022-01-12T13:51:54+00:00","dateModified":"2024-01-10T17:35:02+00:00","breadcrumb":{"@id":"https:\/\/dgs-d.de\/?page_id=106#breadcrumb"},"inLanguage":"de","potentialAction":[{"@type":"ReadAction","target":["https:\/\/dgs-d.de\/?page_id=106"]}]},{"@type":"BreadcrumbList","@id":"https:\/\/dgs-d.de\/?page_id=106#breadcrumb","itemListElement":[{"@type":"ListItem","position":1,"name":"Startseite","item":"https:\/\/dgs-d.de\/"},{"@type":"ListItem","position":2,"name":"dolmetschen"}]},{"@type":"WebSite","@id":"https:\/\/dgs-d.de\/#website","url":"https:\/\/dgs-d.de\/","name":"Das Gegen\u00fcber besser verstehen","description":"\u00dcbersetzungen f\u00fcr Deutsche Geb\u00e4rdensprache &amp; Deutsch","publisher":{"@id":"https:\/\/dgs-d.de\/#organization"},"potentialAction":[{"@type":"SearchAction","target":{"@type":"EntryPoint","urlTemplate":"https:\/\/dgs-d.de\/?s={search_term_string}"},"query-input":{"@type":"PropertyValueSpecification","valueRequired":true,"valueName":"search_term_string"}}],"inLanguage":"de"},{"@type":"Organization","@id":"https:\/\/dgs-d.de\/#organization","name":"Das Gegen\u00fcber besser verstehen","url":"https:\/\/dgs-d.de\/","logo":{"@type":"ImageObject","inLanguage":"de","@id":"https:\/\/dgs-d.de\/#\/schema\/logo\/image\/","url":"https:\/\/dgs-d.de\/wp-content\/uploads\/2022\/01\/cropped-Logo_2-1.png","contentUrl":"https:\/\/dgs-d.de\/wp-content\/uploads\/2022\/01\/cropped-Logo_2-1.png","width":153,"height":92,"caption":"Das Gegen\u00fcber besser verstehen"},"image":{"@id":"https:\/\/dgs-d.de\/#\/schema\/logo\/image\/"}}]}},"_links":{"self":[{"href":"https:\/\/dgs-d.de\/index.php?rest_route=\/wp\/v2\/pages\/106","targetHints":{"allow":["GET"]}}],"collection":[{"href":"https:\/\/dgs-d.de\/index.php?rest_route=\/wp\/v2\/pages"}],"about":[{"href":"https:\/\/dgs-d.de\/index.php?rest_route=\/wp\/v2\/types\/page"}],"author":[{"embeddable":true,"href":"https:\/\/dgs-d.de\/index.php?rest_route=\/wp\/v2\/users\/1"}],"replies":[{"embeddable":true,"href":"https:\/\/dgs-d.de\/index.php?rest_route=%2Fwp%2Fv2%2Fcomments&post=106"}],"version-history":[{"count":6,"href":"https:\/\/dgs-d.de\/index.php?rest_route=\/wp\/v2\/pages\/106\/revisions"}],"predecessor-version":[{"id":173,"href":"https:\/\/dgs-d.de\/index.php?rest_route=\/wp\/v2\/pages\/106\/revisions\/173"}],"wp:attachment":[{"href":"https:\/\/dgs-d.de\/index.php?rest_route=%2Fwp%2Fv2%2Fmedia&parent=106"}],"curies":[{"name":"wp","href":"https:\/\/api.w.org\/{rel}","templated":true}]}}