{"id":108,"date":"2022-01-12T14:52:23","date_gmt":"2022-01-12T13:52:23","guid":{"rendered":"https:\/\/dgs-d.de\/?page_id=108"},"modified":"2024-01-10T18:34:26","modified_gmt":"2024-01-10T17:34:26","slug":"assistenz","status":"publish","type":"page","link":"https:\/\/dgs-d.de\/?page_id=108","title":{"rendered":"assistenz"},"content":{"rendered":"<p><img loading=\"lazy\" decoding=\"async\" class=\"alignnone size-full wp-image-6 aligncenter\" src=\"https:\/\/dgs-d.de\/wp-content\/uploads\/2022\/01\/images90.jpg\" alt=\"\" width=\"225\" height=\"225\" srcset=\"https:\/\/dgs-d.de\/wp-content\/uploads\/2022\/01\/images90.jpg 225w, https:\/\/dgs-d.de\/wp-content\/uploads\/2022\/01\/images90-150x150.jpg 150w\" sizes=\"auto, (max-width: 225px) 100vw, 225px\" \/><\/p>\n","protected":false},"excerpt":{"rendered":"","protected":false},"author":1,"featured_media":0,"parent":0,"menu_order":0,"comment_status":"closed","ping_status":"closed","template":"full-width.php","meta":{"footnotes":""},"class_list":["post-108","page","type-page","status-publish","hentry"],"yoast_head":"<!-- This site is optimized with the Yoast SEO plugin v27.6 - https:\/\/yoast.com\/product\/yoast-seo-wordpress\/ -->\n<title>assistenz - Das Gegen\u00fcber besser verstehen<\/title>\n<meta name=\"robots\" content=\"index, follow, max-snippet:-1, max-image-preview:large, max-video-preview:-1\" \/>\n<link rel=\"canonical\" href=\"https:\/\/dgs-d.de\/?page_id=108\" \/>\n<meta property=\"og:locale\" content=\"de_DE\" \/>\n<meta property=\"og:type\" content=\"article\" \/>\n<meta property=\"og:title\" content=\"assistenz - Das Gegen\u00fcber besser verstehen\" \/>\n<meta property=\"og:url\" content=\"https:\/\/dgs-d.de\/?page_id=108\" \/>\n<meta property=\"og:site_name\" content=\"Das Gegen\u00fcber besser verstehen\" \/>\n<meta property=\"article:modified_time\" content=\"2024-01-10T17:34:26+00:00\" \/>\n<meta property=\"og:image\" content=\"https:\/\/dgs-d.de\/wp-content\/uploads\/2022\/01\/images90.jpg\" \/>\n<meta name=\"twitter:card\" content=\"summary_large_image\" \/>\n<script type=\"application\/ld+json\" class=\"yoast-schema-graph\">{\"@context\":\"https:\\\/\\\/schema.org\",\"@graph\":[{\"@type\":\"WebPage\",\"@id\":\"https:\\\/\\\/dgs-d.de\\\/?page_id=108\",\"url\":\"https:\\\/\\\/dgs-d.de\\\/?page_id=108\",\"name\":\"assistenz - Das Gegen\u00fcber besser verstehen\",\"isPartOf\":{\"@id\":\"https:\\\/\\\/dgs-d.de\\\/#website\"},\"primaryImageOfPage\":{\"@id\":\"https:\\\/\\\/dgs-d.de\\\/?page_id=108#primaryimage\"},\"image\":{\"@id\":\"https:\\\/\\\/dgs-d.de\\\/?page_id=108#primaryimage\"},\"thumbnailUrl\":\"https:\\\/\\\/dgs-d.de\\\/wp-content\\\/uploads\\\/2022\\\/01\\\/images90.jpg\",\"datePublished\":\"2022-01-12T13:52:23+00:00\",\"dateModified\":\"2024-01-10T17:34:26+00:00\",\"breadcrumb\":{\"@id\":\"https:\\\/\\\/dgs-d.de\\\/?page_id=108#breadcrumb\"},\"inLanguage\":\"de\",\"potentialAction\":[{\"@type\":\"ReadAction\",\"target\":[\"https:\\\/\\\/dgs-d.de\\\/?page_id=108\"]}]},{\"@type\":\"ImageObject\",\"inLanguage\":\"de\",\"@id\":\"https:\\\/\\\/dgs-d.de\\\/?page_id=108#primaryimage\",\"url\":\"https:\\\/\\\/dgs-d.de\\\/wp-content\\\/uploads\\\/2022\\\/01\\\/images90.jpg\",\"contentUrl\":\"https:\\\/\\\/dgs-d.de\\\/wp-content\\\/uploads\\\/2022\\\/01\\\/images90.jpg\",\"width\":225,\"height\":225},{\"@type\":\"BreadcrumbList\",\"@id\":\"https:\\\/\\\/dgs-d.de\\\/?page_id=108#breadcrumb\",\"itemListElement\":[{\"@type\":\"ListItem\",\"position\":1,\"name\":\"Startseite\",\"item\":\"https:\\\/\\\/dgs-d.de\\\/\"},{\"@type\":\"ListItem\",\"position\":2,\"name\":\"assistenz\"}]},{\"@type\":\"WebSite\",\"@id\":\"https:\\\/\\\/dgs-d.de\\\/#website\",\"url\":\"https:\\\/\\\/dgs-d.de\\\/\",\"name\":\"Das Gegen\u00fcber besser verstehen\",\"description\":\"\u00dcbersetzungen f\u00fcr Deutsche Geb\u00e4rdensprache &amp; Deutsch\",\"publisher\":{\"@id\":\"https:\\\/\\\/dgs-d.de\\\/#organization\"},\"potentialAction\":[{\"@type\":\"SearchAction\",\"target\":{\"@type\":\"EntryPoint\",\"urlTemplate\":\"https:\\\/\\\/dgs-d.de\\\/?s={search_term_string}\"},\"query-input\":{\"@type\":\"PropertyValueSpecification\",\"valueRequired\":true,\"valueName\":\"search_term_string\"}}],\"inLanguage\":\"de\"},{\"@type\":\"Organization\",\"@id\":\"https:\\\/\\\/dgs-d.de\\\/#organization\",\"name\":\"Das Gegen\u00fcber besser verstehen\",\"url\":\"https:\\\/\\\/dgs-d.de\\\/\",\"logo\":{\"@type\":\"ImageObject\",\"inLanguage\":\"de\",\"@id\":\"https:\\\/\\\/dgs-d.de\\\/#\\\/schema\\\/logo\\\/image\\\/\",\"url\":\"https:\\\/\\\/dgs-d.de\\\/wp-content\\\/uploads\\\/2022\\\/01\\\/cropped-Logo_2-1.png\",\"contentUrl\":\"https:\\\/\\\/dgs-d.de\\\/wp-content\\\/uploads\\\/2022\\\/01\\\/cropped-Logo_2-1.png\",\"width\":153,\"height\":92,\"caption\":\"Das Gegen\u00fcber besser verstehen\"},\"image\":{\"@id\":\"https:\\\/\\\/dgs-d.de\\\/#\\\/schema\\\/logo\\\/image\\\/\"}}]}<\/script>\n<!-- \/ Yoast SEO plugin. -->","yoast_head_json":{"title":"assistenz - Das Gegen\u00fcber besser verstehen","robots":{"index":"index","follow":"follow","max-snippet":"max-snippet:-1","max-image-preview":"max-image-preview:large","max-video-preview":"max-video-preview:-1"},"canonical":"https:\/\/dgs-d.de\/?page_id=108","og_locale":"de_DE","og_type":"article","og_title":"assistenz - Das Gegen\u00fcber besser verstehen","og_url":"https:\/\/dgs-d.de\/?page_id=108","og_site_name":"Das Gegen\u00fcber besser verstehen","article_modified_time":"2024-01-10T17:34:26+00:00","og_image":[{"url":"https:\/\/dgs-d.de\/wp-content\/uploads\/2022\/01\/images90.jpg","type":"","width":"","height":""}],"twitter_card":"summary_large_image","schema":{"@context":"https:\/\/schema.org","@graph":[{"@type":"WebPage","@id":"https:\/\/dgs-d.de\/?page_id=108","url":"https:\/\/dgs-d.de\/?page_id=108","name":"assistenz - Das Gegen\u00fcber besser verstehen","isPartOf":{"@id":"https:\/\/dgs-d.de\/#website"},"primaryImageOfPage":{"@id":"https:\/\/dgs-d.de\/?page_id=108#primaryimage"},"image":{"@id":"https:\/\/dgs-d.de\/?page_id=108#primaryimage"},"thumbnailUrl":"https:\/\/dgs-d.de\/wp-content\/uploads\/2022\/01\/images90.jpg","datePublished":"2022-01-12T13:52:23+00:00","dateModified":"2024-01-10T17:34:26+00:00","breadcrumb":{"@id":"https:\/\/dgs-d.de\/?page_id=108#breadcrumb"},"inLanguage":"de","potentialAction":[{"@type":"ReadAction","target":["https:\/\/dgs-d.de\/?page_id=108"]}]},{"@type":"ImageObject","inLanguage":"de","@id":"https:\/\/dgs-d.de\/?page_id=108#primaryimage","url":"https:\/\/dgs-d.de\/wp-content\/uploads\/2022\/01\/images90.jpg","contentUrl":"https:\/\/dgs-d.de\/wp-content\/uploads\/2022\/01\/images90.jpg","width":225,"height":225},{"@type":"BreadcrumbList","@id":"https:\/\/dgs-d.de\/?page_id=108#breadcrumb","itemListElement":[{"@type":"ListItem","position":1,"name":"Startseite","item":"https:\/\/dgs-d.de\/"},{"@type":"ListItem","position":2,"name":"assistenz"}]},{"@type":"WebSite","@id":"https:\/\/dgs-d.de\/#website","url":"https:\/\/dgs-d.de\/","name":"Das Gegen\u00fcber besser verstehen","description":"\u00dcbersetzungen f\u00fcr Deutsche Geb\u00e4rdensprache &amp; Deutsch","publisher":{"@id":"https:\/\/dgs-d.de\/#organization"},"potentialAction":[{"@type":"SearchAction","target":{"@type":"EntryPoint","urlTemplate":"https:\/\/dgs-d.de\/?s={search_term_string}"},"query-input":{"@type":"PropertyValueSpecification","valueRequired":true,"valueName":"search_term_string"}}],"inLanguage":"de"},{"@type":"Organization","@id":"https:\/\/dgs-d.de\/#organization","name":"Das Gegen\u00fcber besser verstehen","url":"https:\/\/dgs-d.de\/","logo":{"@type":"ImageObject","inLanguage":"de","@id":"https:\/\/dgs-d.de\/#\/schema\/logo\/image\/","url":"https:\/\/dgs-d.de\/wp-content\/uploads\/2022\/01\/cropped-Logo_2-1.png","contentUrl":"https:\/\/dgs-d.de\/wp-content\/uploads\/2022\/01\/cropped-Logo_2-1.png","width":153,"height":92,"caption":"Das Gegen\u00fcber besser verstehen"},"image":{"@id":"https:\/\/dgs-d.de\/#\/schema\/logo\/image\/"}}]}},"_links":{"self":[{"href":"https:\/\/dgs-d.de\/index.php?rest_route=\/wp\/v2\/pages\/108","targetHints":{"allow":["GET"]}}],"collection":[{"href":"https:\/\/dgs-d.de\/index.php?rest_route=\/wp\/v2\/pages"}],"about":[{"href":"https:\/\/dgs-d.de\/index.php?rest_route=\/wp\/v2\/types\/page"}],"author":[{"embeddable":true,"href":"https:\/\/dgs-d.de\/index.php?rest_route=\/wp\/v2\/users\/1"}],"replies":[{"embeddable":true,"href":"https:\/\/dgs-d.de\/index.php?rest_route=%2Fwp%2Fv2%2Fcomments&post=108"}],"version-history":[{"count":2,"href":"https:\/\/dgs-d.de\/index.php?rest_route=\/wp\/v2\/pages\/108\/revisions"}],"predecessor-version":[{"id":170,"href":"https:\/\/dgs-d.de\/index.php?rest_route=\/wp\/v2\/pages\/108\/revisions\/170"}],"wp:attachment":[{"href":"https:\/\/dgs-d.de\/index.php?rest_route=%2Fwp%2Fv2%2Fmedia&parent=108"}],"curies":[{"name":"wp","href":"https:\/\/api.w.org\/{rel}","templated":true}]}}