{"id":110,"date":"2022-01-12T14:52:38","date_gmt":"2022-01-12T13:52:38","guid":{"rendered":"https:\/\/dgs-d.de\/?page_id=110"},"modified":"2024-01-10T18:35:59","modified_gmt":"2024-01-10T17:35:59","slug":"seminare","status":"publish","type":"page","link":"https:\/\/dgs-d.de\/?page_id=110","title":{"rendered":"info &#038; training"},"content":{"rendered":"<h1>Information &amp; Training<\/h1>\n<h2>&#8211; individuell an Ihre Bed\u00fcrfnisse angepasst &#8211;<\/h2>\n<p>&nbsp;<\/p>\n<p>Ich biete individuelle Vortr\u00e4ge und Workshops an, welche modular aufgebaut und somit flexibel anpassbar sind.<\/p>\n<p><a href=\"https:\/\/dgs-d.de\/wp-content\/uploads\/2024\/01\/Seminarangebote.png\"><img loading=\"lazy\" decoding=\"async\" class=\"wp-image-157 aligncenter\" src=\"https:\/\/dgs-d.de\/wp-content\/uploads\/2024\/01\/Seminarangebote-1024x721.png\" alt=\"Inhalte Workshops\" width=\"589\" height=\"415\" srcset=\"https:\/\/dgs-d.de\/wp-content\/uploads\/2024\/01\/Seminarangebote-1024x721.png 1024w, https:\/\/dgs-d.de\/wp-content\/uploads\/2024\/01\/Seminarangebote-300x211.png 300w, https:\/\/dgs-d.de\/wp-content\/uploads\/2024\/01\/Seminarangebote-768x541.png 768w, https:\/\/dgs-d.de\/wp-content\/uploads\/2024\/01\/Seminarangebote-1536x1082.png 1536w, https:\/\/dgs-d.de\/wp-content\/uploads\/2024\/01\/Seminarangebote.png 1654w\" sizes=\"auto, (max-width: 589px) 100vw, 589px\" \/><\/a>Nehmen Sie f\u00fcr ein Angebot bitte <a href=\"mailto:andra.heinz@dgs-d.de\">Kontakt<\/a> mit mir auf.<\/p>\n","protected":false},"excerpt":{"rendered":"<p class=\"qua-blog-post-description\">Information &amp; Training &#8211; individuell an Ihre Bed\u00fcrfnisse angepasst &#8211; &nbsp; Ich biete individuelle Vortr\u00e4ge und Workshops an, welche modular aufgebaut und somit flexibel anpassbar sind. Nehmen Sie f\u00fcr ein Angebot bitte Kontakt mit mir auf.<\/p>\n","protected":false},"author":1,"featured_media":0,"parent":0,"menu_order":0,"comment_status":"closed","ping_status":"closed","template":"full-width.php","meta":{"footnotes":""},"class_list":["post-110","page","type-page","status-publish","hentry"],"yoast_head":"<!-- This site is optimized with the Yoast SEO plugin v27.5 - https:\/\/yoast.com\/product\/yoast-seo-wordpress\/ -->\n<title>info &amp; training - Das Gegen\u00fcber besser verstehen<\/title>\n<meta name=\"robots\" content=\"index, follow, max-snippet:-1, max-image-preview:large, max-video-preview:-1\" \/>\n<link rel=\"canonical\" href=\"https:\/\/dgs-d.de\/?page_id=110\" \/>\n<meta property=\"og:locale\" content=\"de_DE\" \/>\n<meta property=\"og:type\" content=\"article\" \/>\n<meta property=\"og:title\" content=\"info &amp; training - Das Gegen\u00fcber besser verstehen\" \/>\n<meta property=\"og:description\" content=\"Information &amp; Training &#8211; individuell an Ihre Bed\u00fcrfnisse angepasst &#8211; &nbsp; Ich biete individuelle Vortr\u00e4ge und Workshops an, welche modular aufgebaut und somit flexibel anpassbar sind. Nehmen Sie f\u00fcr ein Angebot bitte Kontakt mit mir auf.\" \/>\n<meta property=\"og:url\" content=\"https:\/\/dgs-d.de\/?page_id=110\" \/>\n<meta property=\"og:site_name\" content=\"Das Gegen\u00fcber besser verstehen\" \/>\n<meta property=\"article:modified_time\" content=\"2024-01-10T17:35:59+00:00\" \/>\n<meta property=\"og:image\" content=\"https:\/\/dgs-d.de\/wp-content\/uploads\/2024\/01\/Seminarangebote-1024x721.png\" \/>\n<meta name=\"twitter:card\" content=\"summary_large_image\" \/>\n<meta name=\"twitter:label1\" content=\"Gesch\u00e4tzte Lesezeit\" \/>\n\t<meta name=\"twitter:data1\" content=\"1\u00a0Minute\" \/>\n<script type=\"application\/ld+json\" class=\"yoast-schema-graph\">{\"@context\":\"https:\\\/\\\/schema.org\",\"@graph\":[{\"@type\":\"WebPage\",\"@id\":\"https:\\\/\\\/dgs-d.de\\\/?page_id=110\",\"url\":\"https:\\\/\\\/dgs-d.de\\\/?page_id=110\",\"name\":\"info & training - Das Gegen\u00fcber besser verstehen\",\"isPartOf\":{\"@id\":\"https:\\\/\\\/dgs-d.de\\\/#website\"},\"primaryImageOfPage\":{\"@id\":\"https:\\\/\\\/dgs-d.de\\\/?page_id=110#primaryimage\"},\"image\":{\"@id\":\"https:\\\/\\\/dgs-d.de\\\/?page_id=110#primaryimage\"},\"thumbnailUrl\":\"https:\\\/\\\/dgs-d.de\\\/wp-content\\\/uploads\\\/2024\\\/01\\\/Seminarangebote-1024x721.png\",\"datePublished\":\"2022-01-12T13:52:38+00:00\",\"dateModified\":\"2024-01-10T17:35:59+00:00\",\"breadcrumb\":{\"@id\":\"https:\\\/\\\/dgs-d.de\\\/?page_id=110#breadcrumb\"},\"inLanguage\":\"de\",\"potentialAction\":[{\"@type\":\"ReadAction\",\"target\":[\"https:\\\/\\\/dgs-d.de\\\/?page_id=110\"]}]},{\"@type\":\"ImageObject\",\"inLanguage\":\"de\",\"@id\":\"https:\\\/\\\/dgs-d.de\\\/?page_id=110#primaryimage\",\"url\":\"https:\\\/\\\/dgs-d.de\\\/wp-content\\\/uploads\\\/2024\\\/01\\\/Seminarangebote.png\",\"contentUrl\":\"https:\\\/\\\/dgs-d.de\\\/wp-content\\\/uploads\\\/2024\\\/01\\\/Seminarangebote.png\",\"width\":1654,\"height\":1165},{\"@type\":\"BreadcrumbList\",\"@id\":\"https:\\\/\\\/dgs-d.de\\\/?page_id=110#breadcrumb\",\"itemListElement\":[{\"@type\":\"ListItem\",\"position\":1,\"name\":\"Startseite\",\"item\":\"https:\\\/\\\/dgs-d.de\\\/\"},{\"@type\":\"ListItem\",\"position\":2,\"name\":\"info &#038; training\"}]},{\"@type\":\"WebSite\",\"@id\":\"https:\\\/\\\/dgs-d.de\\\/#website\",\"url\":\"https:\\\/\\\/dgs-d.de\\\/\",\"name\":\"Das Gegen\u00fcber besser verstehen\",\"description\":\"\u00dcbersetzungen f\u00fcr Deutsche Geb\u00e4rdensprache &amp; Deutsch\",\"publisher\":{\"@id\":\"https:\\\/\\\/dgs-d.de\\\/#organization\"},\"potentialAction\":[{\"@type\":\"SearchAction\",\"target\":{\"@type\":\"EntryPoint\",\"urlTemplate\":\"https:\\\/\\\/dgs-d.de\\\/?s={search_term_string}\"},\"query-input\":{\"@type\":\"PropertyValueSpecification\",\"valueRequired\":true,\"valueName\":\"search_term_string\"}}],\"inLanguage\":\"de\"},{\"@type\":\"Organization\",\"@id\":\"https:\\\/\\\/dgs-d.de\\\/#organization\",\"name\":\"Das Gegen\u00fcber besser verstehen\",\"url\":\"https:\\\/\\\/dgs-d.de\\\/\",\"logo\":{\"@type\":\"ImageObject\",\"inLanguage\":\"de\",\"@id\":\"https:\\\/\\\/dgs-d.de\\\/#\\\/schema\\\/logo\\\/image\\\/\",\"url\":\"https:\\\/\\\/dgs-d.de\\\/wp-content\\\/uploads\\\/2022\\\/01\\\/cropped-Logo_2-1.png\",\"contentUrl\":\"https:\\\/\\\/dgs-d.de\\\/wp-content\\\/uploads\\\/2022\\\/01\\\/cropped-Logo_2-1.png\",\"width\":153,\"height\":92,\"caption\":\"Das Gegen\u00fcber besser verstehen\"},\"image\":{\"@id\":\"https:\\\/\\\/dgs-d.de\\\/#\\\/schema\\\/logo\\\/image\\\/\"}}]}<\/script>\n<!-- \/ Yoast SEO plugin. -->","yoast_head_json":{"title":"info & training - Das Gegen\u00fcber besser verstehen","robots":{"index":"index","follow":"follow","max-snippet":"max-snippet:-1","max-image-preview":"max-image-preview:large","max-video-preview":"max-video-preview:-1"},"canonical":"https:\/\/dgs-d.de\/?page_id=110","og_locale":"de_DE","og_type":"article","og_title":"info & training - Das Gegen\u00fcber besser verstehen","og_description":"Information &amp; Training &#8211; individuell an Ihre Bed\u00fcrfnisse angepasst &#8211; &nbsp; Ich biete individuelle Vortr\u00e4ge und Workshops an, welche modular aufgebaut und somit flexibel anpassbar sind. Nehmen Sie f\u00fcr ein Angebot bitte Kontakt mit mir auf.","og_url":"https:\/\/dgs-d.de\/?page_id=110","og_site_name":"Das Gegen\u00fcber besser verstehen","article_modified_time":"2024-01-10T17:35:59+00:00","og_image":[{"url":"https:\/\/dgs-d.de\/wp-content\/uploads\/2024\/01\/Seminarangebote-1024x721.png","type":"","width":"","height":""}],"twitter_card":"summary_large_image","twitter_misc":{"Gesch\u00e4tzte Lesezeit":"1\u00a0Minute"},"schema":{"@context":"https:\/\/schema.org","@graph":[{"@type":"WebPage","@id":"https:\/\/dgs-d.de\/?page_id=110","url":"https:\/\/dgs-d.de\/?page_id=110","name":"info & training - Das Gegen\u00fcber besser verstehen","isPartOf":{"@id":"https:\/\/dgs-d.de\/#website"},"primaryImageOfPage":{"@id":"https:\/\/dgs-d.de\/?page_id=110#primaryimage"},"image":{"@id":"https:\/\/dgs-d.de\/?page_id=110#primaryimage"},"thumbnailUrl":"https:\/\/dgs-d.de\/wp-content\/uploads\/2024\/01\/Seminarangebote-1024x721.png","datePublished":"2022-01-12T13:52:38+00:00","dateModified":"2024-01-10T17:35:59+00:00","breadcrumb":{"@id":"https:\/\/dgs-d.de\/?page_id=110#breadcrumb"},"inLanguage":"de","potentialAction":[{"@type":"ReadAction","target":["https:\/\/dgs-d.de\/?page_id=110"]}]},{"@type":"ImageObject","inLanguage":"de","@id":"https:\/\/dgs-d.de\/?page_id=110#primaryimage","url":"https:\/\/dgs-d.de\/wp-content\/uploads\/2024\/01\/Seminarangebote.png","contentUrl":"https:\/\/dgs-d.de\/wp-content\/uploads\/2024\/01\/Seminarangebote.png","width":1654,"height":1165},{"@type":"BreadcrumbList","@id":"https:\/\/dgs-d.de\/?page_id=110#breadcrumb","itemListElement":[{"@type":"ListItem","position":1,"name":"Startseite","item":"https:\/\/dgs-d.de\/"},{"@type":"ListItem","position":2,"name":"info &#038; training"}]},{"@type":"WebSite","@id":"https:\/\/dgs-d.de\/#website","url":"https:\/\/dgs-d.de\/","name":"Das Gegen\u00fcber besser verstehen","description":"\u00dcbersetzungen f\u00fcr Deutsche Geb\u00e4rdensprache &amp; Deutsch","publisher":{"@id":"https:\/\/dgs-d.de\/#organization"},"potentialAction":[{"@type":"SearchAction","target":{"@type":"EntryPoint","urlTemplate":"https:\/\/dgs-d.de\/?s={search_term_string}"},"query-input":{"@type":"PropertyValueSpecification","valueRequired":true,"valueName":"search_term_string"}}],"inLanguage":"de"},{"@type":"Organization","@id":"https:\/\/dgs-d.de\/#organization","name":"Das Gegen\u00fcber besser verstehen","url":"https:\/\/dgs-d.de\/","logo":{"@type":"ImageObject","inLanguage":"de","@id":"https:\/\/dgs-d.de\/#\/schema\/logo\/image\/","url":"https:\/\/dgs-d.de\/wp-content\/uploads\/2022\/01\/cropped-Logo_2-1.png","contentUrl":"https:\/\/dgs-d.de\/wp-content\/uploads\/2022\/01\/cropped-Logo_2-1.png","width":153,"height":92,"caption":"Das Gegen\u00fcber besser verstehen"},"image":{"@id":"https:\/\/dgs-d.de\/#\/schema\/logo\/image\/"}}]}},"_links":{"self":[{"href":"https:\/\/dgs-d.de\/index.php?rest_route=\/wp\/v2\/pages\/110","targetHints":{"allow":["GET"]}}],"collection":[{"href":"https:\/\/dgs-d.de\/index.php?rest_route=\/wp\/v2\/pages"}],"about":[{"href":"https:\/\/dgs-d.de\/index.php?rest_route=\/wp\/v2\/types\/page"}],"author":[{"embeddable":true,"href":"https:\/\/dgs-d.de\/index.php?rest_route=\/wp\/v2\/users\/1"}],"replies":[{"embeddable":true,"href":"https:\/\/dgs-d.de\/index.php?rest_route=%2Fwp%2Fv2%2Fcomments&post=110"}],"version-history":[{"count":7,"href":"https:\/\/dgs-d.de\/index.php?rest_route=\/wp\/v2\/pages\/110\/revisions"}],"predecessor-version":[{"id":175,"href":"https:\/\/dgs-d.de\/index.php?rest_route=\/wp\/v2\/pages\/110\/revisions\/175"}],"wp:attachment":[{"href":"https:\/\/dgs-d.de\/index.php?rest_route=%2Fwp%2Fv2%2Fmedia&parent=110"}],"curies":[{"name":"wp","href":"https:\/\/api.w.org\/{rel}","templated":true}]}}