{"id":166,"date":"2024-01-10T18:32:04","date_gmt":"2024-01-10T17:32:04","guid":{"rendered":"https:\/\/dgs-d.de\/?page_id=166"},"modified":"2024-01-10T18:40:03","modified_gmt":"2024-01-10T17:40:03","slug":"uebersetzen","status":"publish","type":"page","link":"https:\/\/dgs-d.de\/?page_id=166","title":{"rendered":"\u00fcbersetzen"},"content":{"rendered":"<p>W\u00e4hrend eine Verdolmetschung in der direkten Kommunikation stattfindet, kann eine \u00dcbersetzung unabh\u00e4ngig davon erfolgen. Sie ist wiederholt abrufbar.<\/p>\n<p>\u00dcbersetzungen bieten sich an, wenn Schriftst\u00fccke oder etwa Erl\u00e4uterungen, Pr\u00e4sentationen u.\u00e4. \u00fcbertragen werden sollen. Dies erfolgt h\u00e4ufig von Deutsch in Deutsche Geb\u00e4rdensprache und steht als Video zur Verf\u00fcgung. Die Kosten richten sich nach Umfang und technischem Aufwand.<\/p>\n<p>Fragen Sie mich gern f\u00fcr ein individuelles <a href=\"mailto:andra.heinz@dgs-d.de\">Angebot<\/a> an.<\/p>\n","protected":false},"excerpt":{"rendered":"<p class=\"qua-blog-post-description\">W\u00e4hrend eine Verdolmetschung in der direkten Kommunikation stattfindet, kann eine \u00dcbersetzung unabh\u00e4ngig davon erfolgen. Sie ist wiederholt abrufbar. \u00dcbersetzungen bieten sich an, wenn Schriftst\u00fccke oder etwa Erl\u00e4uterungen, Pr\u00e4sentationen u.\u00e4. \u00fcbertragen werden sollen. Dies erfolgt h\u00e4ufig von Deutsch in Deutsche Geb\u00e4rdensprache und steht als Video zur Verf\u00fcgung. Die Kosten richten sich nach Umfang und technischem Aufwand. [&hellip;]<\/p>\n","protected":false},"author":1,"featured_media":0,"parent":0,"menu_order":0,"comment_status":"closed","ping_status":"closed","template":"full-width.php","meta":{"footnotes":""},"class_list":["post-166","page","type-page","status-publish","hentry"],"yoast_head":"<!-- This site is optimized with the Yoast SEO plugin v27.5 - https:\/\/yoast.com\/product\/yoast-seo-wordpress\/ -->\n<title>\u00fcbersetzen - Das Gegen\u00fcber besser verstehen<\/title>\n<meta name=\"robots\" content=\"index, follow, max-snippet:-1, max-image-preview:large, max-video-preview:-1\" \/>\n<link rel=\"canonical\" href=\"https:\/\/dgs-d.de\/?page_id=166\" \/>\n<meta property=\"og:locale\" content=\"de_DE\" \/>\n<meta property=\"og:type\" content=\"article\" \/>\n<meta property=\"og:title\" content=\"\u00fcbersetzen - Das Gegen\u00fcber besser verstehen\" \/>\n<meta property=\"og:description\" content=\"W\u00e4hrend eine Verdolmetschung in der direkten Kommunikation stattfindet, kann eine \u00dcbersetzung unabh\u00e4ngig davon erfolgen. Sie ist wiederholt abrufbar. \u00dcbersetzungen bieten sich an, wenn Schriftst\u00fccke oder etwa Erl\u00e4uterungen, Pr\u00e4sentationen u.\u00e4. \u00fcbertragen werden sollen. Dies erfolgt h\u00e4ufig von Deutsch in Deutsche Geb\u00e4rdensprache und steht als Video zur Verf\u00fcgung. Die Kosten richten sich nach Umfang und technischem Aufwand. [&hellip;]\" \/>\n<meta property=\"og:url\" content=\"https:\/\/dgs-d.de\/?page_id=166\" \/>\n<meta property=\"og:site_name\" content=\"Das Gegen\u00fcber besser verstehen\" \/>\n<meta property=\"article:modified_time\" content=\"2024-01-10T17:40:03+00:00\" \/>\n<meta name=\"twitter:card\" content=\"summary_large_image\" \/>\n<meta name=\"twitter:label1\" content=\"Gesch\u00e4tzte Lesezeit\" \/>\n\t<meta name=\"twitter:data1\" content=\"1\u00a0Minute\" \/>\n<script type=\"application\/ld+json\" class=\"yoast-schema-graph\">{\"@context\":\"https:\\\/\\\/schema.org\",\"@graph\":[{\"@type\":\"WebPage\",\"@id\":\"https:\\\/\\\/dgs-d.de\\\/?page_id=166\",\"url\":\"https:\\\/\\\/dgs-d.de\\\/?page_id=166\",\"name\":\"\u00fcbersetzen - Das Gegen\u00fcber besser verstehen\",\"isPartOf\":{\"@id\":\"https:\\\/\\\/dgs-d.de\\\/#website\"},\"datePublished\":\"2024-01-10T17:32:04+00:00\",\"dateModified\":\"2024-01-10T17:40:03+00:00\",\"breadcrumb\":{\"@id\":\"https:\\\/\\\/dgs-d.de\\\/?page_id=166#breadcrumb\"},\"inLanguage\":\"de\",\"potentialAction\":[{\"@type\":\"ReadAction\",\"target\":[\"https:\\\/\\\/dgs-d.de\\\/?page_id=166\"]}]},{\"@type\":\"BreadcrumbList\",\"@id\":\"https:\\\/\\\/dgs-d.de\\\/?page_id=166#breadcrumb\",\"itemListElement\":[{\"@type\":\"ListItem\",\"position\":1,\"name\":\"Startseite\",\"item\":\"https:\\\/\\\/dgs-d.de\\\/\"},{\"@type\":\"ListItem\",\"position\":2,\"name\":\"\u00fcbersetzen\"}]},{\"@type\":\"WebSite\",\"@id\":\"https:\\\/\\\/dgs-d.de\\\/#website\",\"url\":\"https:\\\/\\\/dgs-d.de\\\/\",\"name\":\"Das Gegen\u00fcber besser verstehen\",\"description\":\"\u00dcbersetzungen f\u00fcr Deutsche Geb\u00e4rdensprache &amp; Deutsch\",\"publisher\":{\"@id\":\"https:\\\/\\\/dgs-d.de\\\/#organization\"},\"potentialAction\":[{\"@type\":\"SearchAction\",\"target\":{\"@type\":\"EntryPoint\",\"urlTemplate\":\"https:\\\/\\\/dgs-d.de\\\/?s={search_term_string}\"},\"query-input\":{\"@type\":\"PropertyValueSpecification\",\"valueRequired\":true,\"valueName\":\"search_term_string\"}}],\"inLanguage\":\"de\"},{\"@type\":\"Organization\",\"@id\":\"https:\\\/\\\/dgs-d.de\\\/#organization\",\"name\":\"Das Gegen\u00fcber besser verstehen\",\"url\":\"https:\\\/\\\/dgs-d.de\\\/\",\"logo\":{\"@type\":\"ImageObject\",\"inLanguage\":\"de\",\"@id\":\"https:\\\/\\\/dgs-d.de\\\/#\\\/schema\\\/logo\\\/image\\\/\",\"url\":\"https:\\\/\\\/dgs-d.de\\\/wp-content\\\/uploads\\\/2022\\\/01\\\/cropped-Logo_2-1.png\",\"contentUrl\":\"https:\\\/\\\/dgs-d.de\\\/wp-content\\\/uploads\\\/2022\\\/01\\\/cropped-Logo_2-1.png\",\"width\":153,\"height\":92,\"caption\":\"Das Gegen\u00fcber besser verstehen\"},\"image\":{\"@id\":\"https:\\\/\\\/dgs-d.de\\\/#\\\/schema\\\/logo\\\/image\\\/\"}}]}<\/script>\n<!-- \/ Yoast SEO plugin. -->","yoast_head_json":{"title":"\u00fcbersetzen - Das Gegen\u00fcber besser verstehen","robots":{"index":"index","follow":"follow","max-snippet":"max-snippet:-1","max-image-preview":"max-image-preview:large","max-video-preview":"max-video-preview:-1"},"canonical":"https:\/\/dgs-d.de\/?page_id=166","og_locale":"de_DE","og_type":"article","og_title":"\u00fcbersetzen - Das Gegen\u00fcber besser verstehen","og_description":"W\u00e4hrend eine Verdolmetschung in der direkten Kommunikation stattfindet, kann eine \u00dcbersetzung unabh\u00e4ngig davon erfolgen. Sie ist wiederholt abrufbar. \u00dcbersetzungen bieten sich an, wenn Schriftst\u00fccke oder etwa Erl\u00e4uterungen, Pr\u00e4sentationen u.\u00e4. \u00fcbertragen werden sollen. Dies erfolgt h\u00e4ufig von Deutsch in Deutsche Geb\u00e4rdensprache und steht als Video zur Verf\u00fcgung. Die Kosten richten sich nach Umfang und technischem Aufwand. [&hellip;]","og_url":"https:\/\/dgs-d.de\/?page_id=166","og_site_name":"Das Gegen\u00fcber besser verstehen","article_modified_time":"2024-01-10T17:40:03+00:00","twitter_card":"summary_large_image","twitter_misc":{"Gesch\u00e4tzte Lesezeit":"1\u00a0Minute"},"schema":{"@context":"https:\/\/schema.org","@graph":[{"@type":"WebPage","@id":"https:\/\/dgs-d.de\/?page_id=166","url":"https:\/\/dgs-d.de\/?page_id=166","name":"\u00fcbersetzen - Das Gegen\u00fcber besser verstehen","isPartOf":{"@id":"https:\/\/dgs-d.de\/#website"},"datePublished":"2024-01-10T17:32:04+00:00","dateModified":"2024-01-10T17:40:03+00:00","breadcrumb":{"@id":"https:\/\/dgs-d.de\/?page_id=166#breadcrumb"},"inLanguage":"de","potentialAction":[{"@type":"ReadAction","target":["https:\/\/dgs-d.de\/?page_id=166"]}]},{"@type":"BreadcrumbList","@id":"https:\/\/dgs-d.de\/?page_id=166#breadcrumb","itemListElement":[{"@type":"ListItem","position":1,"name":"Startseite","item":"https:\/\/dgs-d.de\/"},{"@type":"ListItem","position":2,"name":"\u00fcbersetzen"}]},{"@type":"WebSite","@id":"https:\/\/dgs-d.de\/#website","url":"https:\/\/dgs-d.de\/","name":"Das Gegen\u00fcber besser verstehen","description":"\u00dcbersetzungen f\u00fcr Deutsche Geb\u00e4rdensprache &amp; Deutsch","publisher":{"@id":"https:\/\/dgs-d.de\/#organization"},"potentialAction":[{"@type":"SearchAction","target":{"@type":"EntryPoint","urlTemplate":"https:\/\/dgs-d.de\/?s={search_term_string}"},"query-input":{"@type":"PropertyValueSpecification","valueRequired":true,"valueName":"search_term_string"}}],"inLanguage":"de"},{"@type":"Organization","@id":"https:\/\/dgs-d.de\/#organization","name":"Das Gegen\u00fcber besser verstehen","url":"https:\/\/dgs-d.de\/","logo":{"@type":"ImageObject","inLanguage":"de","@id":"https:\/\/dgs-d.de\/#\/schema\/logo\/image\/","url":"https:\/\/dgs-d.de\/wp-content\/uploads\/2022\/01\/cropped-Logo_2-1.png","contentUrl":"https:\/\/dgs-d.de\/wp-content\/uploads\/2022\/01\/cropped-Logo_2-1.png","width":153,"height":92,"caption":"Das Gegen\u00fcber besser verstehen"},"image":{"@id":"https:\/\/dgs-d.de\/#\/schema\/logo\/image\/"}}]}},"_links":{"self":[{"href":"https:\/\/dgs-d.de\/index.php?rest_route=\/wp\/v2\/pages\/166","targetHints":{"allow":["GET"]}}],"collection":[{"href":"https:\/\/dgs-d.de\/index.php?rest_route=\/wp\/v2\/pages"}],"about":[{"href":"https:\/\/dgs-d.de\/index.php?rest_route=\/wp\/v2\/types\/page"}],"author":[{"embeddable":true,"href":"https:\/\/dgs-d.de\/index.php?rest_route=\/wp\/v2\/users\/1"}],"replies":[{"embeddable":true,"href":"https:\/\/dgs-d.de\/index.php?rest_route=%2Fwp%2Fv2%2Fcomments&post=166"}],"version-history":[{"count":4,"href":"https:\/\/dgs-d.de\/index.php?rest_route=\/wp\/v2\/pages\/166\/revisions"}],"predecessor-version":[{"id":179,"href":"https:\/\/dgs-d.de\/index.php?rest_route=\/wp\/v2\/pages\/166\/revisions\/179"}],"wp:attachment":[{"href":"https:\/\/dgs-d.de\/index.php?rest_route=%2Fwp%2Fv2%2Fmedia&parent=166"}],"curies":[{"name":"wp","href":"https:\/\/api.w.org\/{rel}","templated":true}]}}