{"id":2,"date":"2022-01-05T18:26:31","date_gmt":"2022-01-05T18:26:31","guid":{"rendered":"https:\/\/dgs-d.de\/?page_id=2"},"modified":"2022-01-24T11:35:55","modified_gmt":"2022-01-24T10:35:55","slug":"dolmetscher-deutsche-gebaerdensprache","status":"publish","type":"page","link":"https:\/\/dgs-d.de\/","title":{"rendered":"home"},"content":{"rendered":"<h3><span style=\"font-family: tahoma, arial, helvetica, sans-serif;\">Andra Heinz<\/span><\/h3>\n<h3><span style=\"font-family: tahoma, arial, helvetica, sans-serif;\">Dipl. Geb\u00e4rdensprachdolmetscherin<\/span><\/h3>\n<h3><span style=\"font-family: tahoma, arial, helvetica, sans-serif;\">Staatlich gepr\u00fcfte Geb\u00e4rdensprachdolmetscherin<\/span><\/h3>\n<p>&nbsp;<\/p>\n<p>&nbsp;<\/p>\n<p><span style=\"font-family: tahoma, arial, helvetica, sans-serif; font-size: 14pt;\">Herzlich Willkommen auf meinen Seiten!<\/span><\/p>\n<p>&nbsp;<\/p>\n<p><span style=\"font-family: tahoma, arial, helvetica, sans-serif; font-size: 14pt;\">Erfahren Sie, wie und wof\u00fcr man Geb\u00e4rdensprachdolmetscher buchen kann. Au\u00dferdem stelle ich Informationen zu Einsatzbedingungen sowie weiteren Leistungen zur Verf\u00fcgung.<\/span><\/p>\n","protected":false},"excerpt":{"rendered":"<p class=\"qua-blog-post-description\">Andra Heinz Dipl. Geb\u00e4rdensprachdolmetscherin Staatlich gepr\u00fcfte Geb\u00e4rdensprachdolmetscherin &nbsp; &nbsp; Herzlich Willkommen auf meinen Seiten! &nbsp; Erfahren Sie, wie und wof\u00fcr man Geb\u00e4rdensprachdolmetscher buchen kann. Au\u00dferdem stelle ich Informationen zu Einsatzbedingungen sowie weiteren Leistungen zur Verf\u00fcgung.<\/p>\n","protected":false},"author":1,"featured_media":0,"parent":0,"menu_order":0,"comment_status":"closed","ping_status":"closed","template":"template-business.php","meta":{"footnotes":""},"class_list":["post-2","page","type-page","status-publish","hentry"],"yoast_head":"<!-- This site is optimized with the Yoast SEO plugin v27.5 - https:\/\/yoast.com\/product\/yoast-seo-wordpress\/ -->\n<title>Andra Heinz - Das Gegen\u00fcber besser verstehen - Geb\u00e4rdensprache<\/title>\n<meta name=\"description\" content=\"Herzlich Willkommen! Als Dolmetscherin f\u00fcr Geb\u00e4rdensprache bin ich das Bindeglied zwischen zwei (sprachlichen) Kulturen. Erfahren Sie, wie und wof\u00fcr man Geb\u00e4rdensprachdolmetscher buchen kann sowie Infos zu weiteren Leistungen.\" \/>\n<meta name=\"robots\" content=\"index, follow, max-snippet:-1, max-image-preview:large, max-video-preview:-1\" \/>\n<link rel=\"canonical\" href=\"https:\/\/dgs-d.de\/\" \/>\n<meta property=\"og:locale\" content=\"de_DE\" \/>\n<meta property=\"og:type\" content=\"article\" \/>\n<meta property=\"og:title\" content=\"Andra Heinz - Das Gegen\u00fcber besser verstehen - Geb\u00e4rdensprache\" \/>\n<meta property=\"og:description\" content=\"Herzlich Willkommen! Als Dolmetscherin f\u00fcr Geb\u00e4rdensprache bin ich das Bindeglied zwischen zwei (sprachlichen) Kulturen. Erfahren Sie, wie und wof\u00fcr man Geb\u00e4rdensprachdolmetscher buchen kann sowie Infos zu weiteren Leistungen.\" \/>\n<meta property=\"og:url\" content=\"https:\/\/dgs-d.de\/\" \/>\n<meta property=\"og:site_name\" content=\"Das Gegen\u00fcber besser verstehen\" \/>\n<meta property=\"article:modified_time\" content=\"2022-01-24T10:35:55+00:00\" \/>\n<meta name=\"twitter:card\" content=\"summary_large_image\" \/>\n<script type=\"application\/ld+json\" class=\"yoast-schema-graph\">{\"@context\":\"https:\\\/\\\/schema.org\",\"@graph\":[{\"@type\":\"WebPage\",\"@id\":\"https:\\\/\\\/dgs-d.de\\\/\",\"url\":\"https:\\\/\\\/dgs-d.de\\\/\",\"name\":\"Andra Heinz - Das Gegen\u00fcber besser verstehen - Geb\u00e4rdensprache\",\"isPartOf\":{\"@id\":\"https:\\\/\\\/dgs-d.de\\\/#website\"},\"datePublished\":\"2022-01-05T18:26:31+00:00\",\"dateModified\":\"2022-01-24T10:35:55+00:00\",\"description\":\"Herzlich Willkommen! Als Dolmetscherin f\u00fcr Geb\u00e4rdensprache bin ich das Bindeglied zwischen zwei (sprachlichen) Kulturen. Erfahren Sie, wie und wof\u00fcr man Geb\u00e4rdensprachdolmetscher buchen kann sowie Infos zu weiteren Leistungen.\",\"breadcrumb\":{\"@id\":\"https:\\\/\\\/dgs-d.de\\\/#breadcrumb\"},\"inLanguage\":\"de\",\"potentialAction\":[{\"@type\":\"ReadAction\",\"target\":[\"https:\\\/\\\/dgs-d.de\\\/\"]}]},{\"@type\":\"BreadcrumbList\",\"@id\":\"https:\\\/\\\/dgs-d.de\\\/#breadcrumb\",\"itemListElement\":[{\"@type\":\"ListItem\",\"position\":1,\"name\":\"Startseite\",\"item\":\"https:\\\/\\\/dgs-d.de\\\/\"},{\"@type\":\"ListItem\",\"position\":2,\"name\":\"home\"}]},{\"@type\":\"WebSite\",\"@id\":\"https:\\\/\\\/dgs-d.de\\\/#website\",\"url\":\"https:\\\/\\\/dgs-d.de\\\/\",\"name\":\"Das Gegen\u00fcber besser verstehen\",\"description\":\"\u00dcbersetzungen f\u00fcr Deutsche Geb\u00e4rdensprache &amp; Deutsch\",\"publisher\":{\"@id\":\"https:\\\/\\\/dgs-d.de\\\/#organization\"},\"potentialAction\":[{\"@type\":\"SearchAction\",\"target\":{\"@type\":\"EntryPoint\",\"urlTemplate\":\"https:\\\/\\\/dgs-d.de\\\/?s={search_term_string}\"},\"query-input\":{\"@type\":\"PropertyValueSpecification\",\"valueRequired\":true,\"valueName\":\"search_term_string\"}}],\"inLanguage\":\"de\"},{\"@type\":\"Organization\",\"@id\":\"https:\\\/\\\/dgs-d.de\\\/#organization\",\"name\":\"Das Gegen\u00fcber besser verstehen\",\"url\":\"https:\\\/\\\/dgs-d.de\\\/\",\"logo\":{\"@type\":\"ImageObject\",\"inLanguage\":\"de\",\"@id\":\"https:\\\/\\\/dgs-d.de\\\/#\\\/schema\\\/logo\\\/image\\\/\",\"url\":\"https:\\\/\\\/dgs-d.de\\\/wp-content\\\/uploads\\\/2022\\\/01\\\/cropped-Logo_2-1.png\",\"contentUrl\":\"https:\\\/\\\/dgs-d.de\\\/wp-content\\\/uploads\\\/2022\\\/01\\\/cropped-Logo_2-1.png\",\"width\":153,\"height\":92,\"caption\":\"Das Gegen\u00fcber besser verstehen\"},\"image\":{\"@id\":\"https:\\\/\\\/dgs-d.de\\\/#\\\/schema\\\/logo\\\/image\\\/\"}}]}<\/script>\n<!-- \/ Yoast SEO plugin. -->","yoast_head_json":{"title":"Andra Heinz - Das Gegen\u00fcber besser verstehen - Geb\u00e4rdensprache","description":"Herzlich Willkommen! Als Dolmetscherin f\u00fcr Geb\u00e4rdensprache bin ich das Bindeglied zwischen zwei (sprachlichen) Kulturen. Erfahren Sie, wie und wof\u00fcr man Geb\u00e4rdensprachdolmetscher buchen kann sowie Infos zu weiteren Leistungen.","robots":{"index":"index","follow":"follow","max-snippet":"max-snippet:-1","max-image-preview":"max-image-preview:large","max-video-preview":"max-video-preview:-1"},"canonical":"https:\/\/dgs-d.de\/","og_locale":"de_DE","og_type":"article","og_title":"Andra Heinz - Das Gegen\u00fcber besser verstehen - Geb\u00e4rdensprache","og_description":"Herzlich Willkommen! Als Dolmetscherin f\u00fcr Geb\u00e4rdensprache bin ich das Bindeglied zwischen zwei (sprachlichen) Kulturen. Erfahren Sie, wie und wof\u00fcr man Geb\u00e4rdensprachdolmetscher buchen kann sowie Infos zu weiteren Leistungen.","og_url":"https:\/\/dgs-d.de\/","og_site_name":"Das Gegen\u00fcber besser verstehen","article_modified_time":"2022-01-24T10:35:55+00:00","twitter_card":"summary_large_image","schema":{"@context":"https:\/\/schema.org","@graph":[{"@type":"WebPage","@id":"https:\/\/dgs-d.de\/","url":"https:\/\/dgs-d.de\/","name":"Andra Heinz - Das Gegen\u00fcber besser verstehen - Geb\u00e4rdensprache","isPartOf":{"@id":"https:\/\/dgs-d.de\/#website"},"datePublished":"2022-01-05T18:26:31+00:00","dateModified":"2022-01-24T10:35:55+00:00","description":"Herzlich Willkommen! Als Dolmetscherin f\u00fcr Geb\u00e4rdensprache bin ich das Bindeglied zwischen zwei (sprachlichen) Kulturen. Erfahren Sie, wie und wof\u00fcr man Geb\u00e4rdensprachdolmetscher buchen kann sowie Infos zu weiteren Leistungen.","breadcrumb":{"@id":"https:\/\/dgs-d.de\/#breadcrumb"},"inLanguage":"de","potentialAction":[{"@type":"ReadAction","target":["https:\/\/dgs-d.de\/"]}]},{"@type":"BreadcrumbList","@id":"https:\/\/dgs-d.de\/#breadcrumb","itemListElement":[{"@type":"ListItem","position":1,"name":"Startseite","item":"https:\/\/dgs-d.de\/"},{"@type":"ListItem","position":2,"name":"home"}]},{"@type":"WebSite","@id":"https:\/\/dgs-d.de\/#website","url":"https:\/\/dgs-d.de\/","name":"Das Gegen\u00fcber besser verstehen","description":"\u00dcbersetzungen f\u00fcr Deutsche Geb\u00e4rdensprache &amp; Deutsch","publisher":{"@id":"https:\/\/dgs-d.de\/#organization"},"potentialAction":[{"@type":"SearchAction","target":{"@type":"EntryPoint","urlTemplate":"https:\/\/dgs-d.de\/?s={search_term_string}"},"query-input":{"@type":"PropertyValueSpecification","valueRequired":true,"valueName":"search_term_string"}}],"inLanguage":"de"},{"@type":"Organization","@id":"https:\/\/dgs-d.de\/#organization","name":"Das Gegen\u00fcber besser verstehen","url":"https:\/\/dgs-d.de\/","logo":{"@type":"ImageObject","inLanguage":"de","@id":"https:\/\/dgs-d.de\/#\/schema\/logo\/image\/","url":"https:\/\/dgs-d.de\/wp-content\/uploads\/2022\/01\/cropped-Logo_2-1.png","contentUrl":"https:\/\/dgs-d.de\/wp-content\/uploads\/2022\/01\/cropped-Logo_2-1.png","width":153,"height":92,"caption":"Das Gegen\u00fcber besser verstehen"},"image":{"@id":"https:\/\/dgs-d.de\/#\/schema\/logo\/image\/"}}]}},"_links":{"self":[{"href":"https:\/\/dgs-d.de\/index.php?rest_route=\/wp\/v2\/pages\/2","targetHints":{"allow":["GET"]}}],"collection":[{"href":"https:\/\/dgs-d.de\/index.php?rest_route=\/wp\/v2\/pages"}],"about":[{"href":"https:\/\/dgs-d.de\/index.php?rest_route=\/wp\/v2\/types\/page"}],"author":[{"embeddable":true,"href":"https:\/\/dgs-d.de\/index.php?rest_route=\/wp\/v2\/users\/1"}],"replies":[{"embeddable":true,"href":"https:\/\/dgs-d.de\/index.php?rest_route=%2Fwp%2Fv2%2Fcomments&post=2"}],"version-history":[{"count":8,"href":"https:\/\/dgs-d.de\/index.php?rest_route=\/wp\/v2\/pages\/2\/revisions"}],"predecessor-version":[{"id":154,"href":"https:\/\/dgs-d.de\/index.php?rest_route=\/wp\/v2\/pages\/2\/revisions\/154"}],"wp:attachment":[{"href":"https:\/\/dgs-d.de\/index.php?rest_route=%2Fwp%2Fv2%2Fmedia&parent=2"}],"curies":[{"name":"wp","href":"https:\/\/api.w.org\/{rel}","templated":true}]}}