{"id":32,"date":"2022-01-07T16:49:07","date_gmt":"2022-01-07T16:49:07","guid":{"rendered":"https:\/\/dgs-d.de\/?page_id=32"},"modified":"2022-01-24T11:20:08","modified_gmt":"2022-01-24T10:20:08","slug":"ueber-mich","status":"publish","type":"page","link":"https:\/\/dgs-d.de\/?page_id=32","title":{"rendered":"\u00fcber mich"},"content":{"rendered":"<p><a href=\"https:\/\/dgs-d.de\/wp-content\/uploads\/2022\/01\/heinz-andra.jpg\"><img loading=\"lazy\" decoding=\"async\" class=\"alignnone size-medium wp-image-15\" src=\"https:\/\/dgs-d.de\/wp-content\/uploads\/2022\/01\/heinz-andra-247x300.jpg\" alt=\"\" width=\"247\" height=\"300\" srcset=\"https:\/\/dgs-d.de\/wp-content\/uploads\/2022\/01\/heinz-andra-247x300.jpg 247w, https:\/\/dgs-d.de\/wp-content\/uploads\/2022\/01\/heinz-andra-843x1024.jpg 843w, https:\/\/dgs-d.de\/wp-content\/uploads\/2022\/01\/heinz-andra-768x933.jpg 768w, https:\/\/dgs-d.de\/wp-content\/uploads\/2022\/01\/heinz-andra.jpg 1181w\" sizes=\"auto, (max-width: 247px) 100vw, 247px\" \/><\/a><\/p>\n<h3><span style=\"color: #008000;\"><strong><span style=\"font-family: tahoma, arial, helvetica, sans-serif;\">Andra Heinz<\/span><\/strong><\/span><\/h3>\n<p><strong><span style=\"font-family: tahoma, arial, helvetica, sans-serif;\">Dipl. Dolmetscherin f\u00fcr Deutsche Geb\u00e4rdensprache &amp; Deutsch<\/span><\/strong><\/p>\n<p><strong><span style=\"font-family: tahoma, arial, helvetica, sans-serif;\">Staatlich gepr\u00fcfte Dolmetscherin f\u00fcr Deutsche Geb\u00e4rdensprache &amp; Deutsch<\/span><\/strong><\/p>\n<hr \/>\n<p>&nbsp;<\/p>\n<p><span style=\"font-family: tahoma, arial, helvetica, sans-serif;\">Ich war schon immer vielseitig interessiert und h\u00e4tte am liebsten mehrere Berufe auf einmal erlernt. Das geht nat\u00fcrlich nicht und daher musste ich mich irgendwann entscheiden.<\/span><\/p>\n<p><span style=\"font-family: tahoma, arial, helvetica, sans-serif;\">Nach meinem bestandenen Abitur erfuhr ich aus der Presse, dass es einen neuen Studiengang an der Wests\u00e4chsischen Hochschule in Zwickau geben sollte &#8211; &#8222;Geb\u00e4rdensprachdolmetschen&#8220;. Dieser Beruf war mir bis dahin v\u00f6llig unbekannt. Aber nach einigen Recherchen stellte ich sehr schnell fest, dass es genau das ist, was ich machen m\u00f6chte. <\/span><\/p>\n<p><span style=\"font-family: tahoma, arial, helvetica, sans-serif;\">Als Dolmetscher*in ist man viel unterwegs, lernt unterschiedlichste Menschen kennen und erh\u00e4lt Einblicke in interessante Fachgebiete und Arbeitsbereiche &#8211; demnach musste ich mich nicht mehr entscheiden.<\/span><\/p>\n<p><span style=\"font-family: tahoma, arial, helvetica, sans-serif;\">Eignungstest, Praktikum und Geb\u00e4rdensprachkurs im Vorfeld waren die Zugangsbedingungen f\u00fcr den vierj\u00e4hrigen Diplomstudiengang. Gemeinsam mit vierzehn Kommillitoninnen bestritten wir als erste Studiengruppe die &#8222;Testphase&#8220; ab dem Jahr 2000. Abgeschlossen haben letztendlich nur sieben Mitstreiterinnen, da nicht jeder f\u00fcr den Beruf <em>Dolmetscher*in<\/em> geschaffen ist. Einige wechselten aus diesem Grund ihr Studienfach. W\u00e4hrend der Ausbildung habe ich zwei Praktika in M\u00fcnchen und Umgebung absolviert.<\/span><\/p>\n<p><span style=\"font-family: tahoma, arial, helvetica, sans-serif;\">Die Anforderungen an Dolmetscher*innen sind hoch: <span style=\"color: #008000;\"><strong>Flexibilit\u00e4t, Empathie, umfangreiches Wissen, kulturelles Hintergrundwissen, sehr gute Sprachkompetenz sowie Sprachgef\u00fchl, schnelle Auffassungsgabe und Informationsverarbeitung, hohe Konzentrationsf\u00e4higkeit, gutes Reflexionsverm\u00f6gen und die F\u00e4higkeit, mehrere Dinge gleichzeitig zu handhaben<\/strong><\/span>.<br \/>\n<\/span><\/p>\n<p><span style=\"font-family: tahoma, arial, helvetica, sans-serif;\">Den Anforderungen gerecht zu werden, ist nicht immer ganz einfach. Mein Bestreben ist es, dies dennoch in jeder Situation zu erf\u00fcllen. Ich bereite mich daher angemessen auf meine Eins\u00e4tze vor, indem ich mich \u00fcber Teilnehmer informiere, mich thematisch einarbeite, im Nachgang die Situation reflektiere und mehrmals j\u00e4hrlich an Weiterbildungen teilnehme. Das erweitert nicht nur mein Wissensspektrum, sondern erm\u00f6glicht mir auch den Austausch mit Kolleg*innen aus ganz Deutschland.<\/span><\/p>\n<p><span style=\"font-family: tahoma, arial, helvetica, sans-serif;\">Von 2013-2016 war ich als Dozentin f\u00fcr Dolmetschpraxis an der Wests\u00e4chsischen Hochschule Zwickau in der Fakult\u00e4t Angewandte Sprachen und Interkulturelle Kommunikation, Bereich Geb\u00e4rdensprachdolmetschen t\u00e4tig.<\/span><\/p>\n<p>&nbsp;<\/p>\n<p><span style=\"font-family: tahoma, arial, helvetica, sans-serif;\">Ich habe bis heute nicht bereut, den besten Beruf der Welt gew\u00e4hlt zu haben!<\/span><\/p>\n<hr \/>\n<p>&nbsp;<\/p>\n<pre><strong><span style=\"font-family: tahoma, arial, helvetica, sans-serif;\">Meine Einsatzbereiche<\/span><\/strong><\/pre>\n<p><span style=\"font-family: tahoma, arial, helvetica, sans-serif;\">Ich bin seit 2004 berufst\u00e4tig und konnte viel Erfahrung in unterschiedlichsten Bereichen sammeln. Nach meinem Abschluss war ich deutschlandweit t\u00e4tig, besonders in Sachsen, Hessen und Nordrhein-Westphalen. Ab und zu durfte ich auch das sch\u00f6ne Baden-W\u00fcrttemberg besuchen. Heute konzentriere ich mich vor allem auf Sachsen und die umliegenden Bundesl\u00e4nder Th\u00fcringen, Sachsen-Anhalt und Bayern.<\/span><\/p>\n<h2 id=\"tablepress-1-name\" class=\"tablepress-table-name tablepress-table-name-id-1\"><\/h2>\n\n<table id=\"tablepress-1\" class=\"tablepress tablepress-id-1\" aria-labelledby=\"tablepress-1-name\">\n<tbody class=\"row-striping row-hover\">\n<tr class=\"row-1\">\n\t<td class=\"column-1\">Arbeitsleben<\/td><td class=\"column-2\">Arbeitsassistenz, Betriebsversammlung, Teamsitzung\/ Dienstberatung, Wahlen, Mitarbeitergespr\u00e4ch, Betriebsfeier\/ Jubil\u00e4um, Betriebsausflug u.w.<\/td>\n<\/tr>\n<tr class=\"row-2\">\n\t<td class=\"column-1\">Bildung<\/td><td class=\"column-2\">Fort-\/ Weiterbildung, Seminar, Ausbildung, Studium<\/td>\n<\/tr>\n<tr class=\"row-3\">\n\t<td class=\"column-1\">Medizin<\/td><td class=\"column-2\">ambulant: \u00e4rztliche Konsultation beim Haus-, Kinder- oder Facharzt, Psychologe, Therapie<br \/>\n<br \/>\nstation\u00e4r: Behandlung, (Aufkl\u00e4rungs-) Gespr\u00e4ch, Therapie<\/td>\n<\/tr>\n<tr class=\"row-4\">\n\t<td class=\"column-1\">Recht<\/td><td class=\"column-2\">Polizei, nur bedingt Gericht<\/td>\n<\/tr>\n<tr class=\"row-5\">\n\t<td class=\"column-1\">\u00c4mter<\/td><td class=\"column-2\">alle, z.B. Agentur f\u00fcr Arbeit, Jobcenter, Amt f\u00fcr Familie und Soziales, Jugendamt u.w.<\/td>\n<\/tr>\n<tr class=\"row-6\">\n\t<td class=\"column-1\">Privat<\/td><td class=\"column-2\">Elternabend, Beratungsgespr\u00e4ch, Paartherapie\/ -beratung, Jubil\u00e4um, Hochzeit, Beerdigung, Kaufvertrag, Notar\/ Rechtsanwalt, Sportveranstaltung u.v.m.<\/td>\n<\/tr>\n<tr class=\"row-7\">\n\t<td class=\"column-1\">\u00f6ffentliches Leben<\/td><td class=\"column-2\">politische und kulturelle Veranstaltungen<\/td>\n<\/tr>\n<tr class=\"row-8\">\n\t<td class=\"column-1\">online<\/td><td class=\"column-2\">auf Anfrage<\/td>\n<\/tr>\n<\/tbody>\n<\/table>\n<!-- #tablepress-1 from cache -->\n<p>&nbsp;<\/p>\n<p><span style=\"font-family: tahoma, arial, helvetica, sans-serif;\">Information zu Kostentr\u00e4gern finden Sie <a href=\"https:\/\/dgs-d.de\/?page_id=37\"><strong>HIER<\/strong><\/a>.<\/span><\/p>\n","protected":false},"excerpt":{"rendered":"<p class=\"qua-blog-post-description\">Andra Heinz Dipl. Dolmetscherin f\u00fcr Deutsche Geb\u00e4rdensprache &amp; Deutsch Staatlich gepr\u00fcfte Dolmetscherin f\u00fcr Deutsche Geb\u00e4rdensprache &amp; Deutsch &nbsp; Ich war schon immer vielseitig interessiert und h\u00e4tte am liebsten mehrere Berufe auf einmal erlernt. Das geht nat\u00fcrlich nicht und daher musste ich mich irgendwann entscheiden. Nach meinem bestandenen Abitur erfuhr ich aus der Presse, dass es [&hellip;]<\/p>\n","protected":false},"author":1,"featured_media":0,"parent":0,"menu_order":0,"comment_status":"closed","ping_status":"closed","template":"quality-page-builder-default.php","meta":{"footnotes":""},"class_list":["post-32","page","type-page","status-publish","hentry"],"yoast_head":"<!-- This site is optimized with the Yoast SEO plugin v27.4 - https:\/\/yoast.com\/product\/yoast-seo-wordpress\/ -->\n<title>\u00fcber mich - Das Gegen\u00fcber besser verstehen<\/title>\n<meta name=\"description\" content=\"Hier erfahren Sie, wie ich zu diesem Beruf gefunden habe und was es f\u00fcr mich bedeutet, als Dolmetscherin t\u00e4tig zu sein.\" \/>\n<meta name=\"robots\" content=\"index, follow, max-snippet:-1, max-image-preview:large, max-video-preview:-1\" \/>\n<link rel=\"canonical\" href=\"https:\/\/dgs-d.de\/?page_id=32\" \/>\n<meta property=\"og:locale\" content=\"de_DE\" \/>\n<meta property=\"og:type\" content=\"article\" \/>\n<meta property=\"og:title\" content=\"\u00fcber mich - Das Gegen\u00fcber besser verstehen\" \/>\n<meta property=\"og:description\" content=\"Hier erfahren Sie, wie ich zu diesem Beruf gefunden habe und was es f\u00fcr mich bedeutet, als Dolmetscherin t\u00e4tig zu sein.\" \/>\n<meta property=\"og:url\" content=\"https:\/\/dgs-d.de\/?page_id=32\" \/>\n<meta property=\"og:site_name\" content=\"Das Gegen\u00fcber besser verstehen\" \/>\n<meta property=\"article:modified_time\" content=\"2022-01-24T10:20:08+00:00\" \/>\n<meta property=\"og:image\" content=\"https:\/\/dgs-d.de\/wp-content\/uploads\/2022\/01\/heinz-andra-247x300.jpg\" \/>\n<meta name=\"twitter:card\" content=\"summary_large_image\" \/>\n<meta name=\"twitter:label1\" content=\"Gesch\u00e4tzte Lesezeit\" \/>\n\t<meta name=\"twitter:data1\" content=\"2\u00a0Minuten\" \/>\n<script type=\"application\/ld+json\" class=\"yoast-schema-graph\">{\"@context\":\"https:\\\/\\\/schema.org\",\"@graph\":[{\"@type\":\"WebPage\",\"@id\":\"https:\\\/\\\/dgs-d.de\\\/?page_id=32\",\"url\":\"https:\\\/\\\/dgs-d.de\\\/?page_id=32\",\"name\":\"\u00fcber mich - Das Gegen\u00fcber besser verstehen\",\"isPartOf\":{\"@id\":\"https:\\\/\\\/dgs-d.de\\\/#website\"},\"primaryImageOfPage\":{\"@id\":\"https:\\\/\\\/dgs-d.de\\\/?page_id=32#primaryimage\"},\"image\":{\"@id\":\"https:\\\/\\\/dgs-d.de\\\/?page_id=32#primaryimage\"},\"thumbnailUrl\":\"https:\\\/\\\/dgs-d.de\\\/wp-content\\\/uploads\\\/2022\\\/01\\\/heinz-andra-247x300.jpg\",\"datePublished\":\"2022-01-07T16:49:07+00:00\",\"dateModified\":\"2022-01-24T10:20:08+00:00\",\"description\":\"Hier erfahren Sie, wie ich zu diesem Beruf gefunden habe und was es f\u00fcr mich bedeutet, als Dolmetscherin t\u00e4tig zu sein.\",\"breadcrumb\":{\"@id\":\"https:\\\/\\\/dgs-d.de\\\/?page_id=32#breadcrumb\"},\"inLanguage\":\"de\",\"potentialAction\":[{\"@type\":\"ReadAction\",\"target\":[\"https:\\\/\\\/dgs-d.de\\\/?page_id=32\"]}]},{\"@type\":\"ImageObject\",\"inLanguage\":\"de\",\"@id\":\"https:\\\/\\\/dgs-d.de\\\/?page_id=32#primaryimage\",\"url\":\"https:\\\/\\\/dgs-d.de\\\/wp-content\\\/uploads\\\/2022\\\/01\\\/heinz-andra.jpg\",\"contentUrl\":\"https:\\\/\\\/dgs-d.de\\\/wp-content\\\/uploads\\\/2022\\\/01\\\/heinz-andra.jpg\",\"width\":1181,\"height\":1434},{\"@type\":\"BreadcrumbList\",\"@id\":\"https:\\\/\\\/dgs-d.de\\\/?page_id=32#breadcrumb\",\"itemListElement\":[{\"@type\":\"ListItem\",\"position\":1,\"name\":\"Startseite\",\"item\":\"https:\\\/\\\/dgs-d.de\\\/\"},{\"@type\":\"ListItem\",\"position\":2,\"name\":\"\u00fcber mich\"}]},{\"@type\":\"WebSite\",\"@id\":\"https:\\\/\\\/dgs-d.de\\\/#website\",\"url\":\"https:\\\/\\\/dgs-d.de\\\/\",\"name\":\"Das Gegen\u00fcber besser verstehen\",\"description\":\"\u00dcbersetzungen f\u00fcr Deutsche Geb\u00e4rdensprache &amp; Deutsch\",\"publisher\":{\"@id\":\"https:\\\/\\\/dgs-d.de\\\/#organization\"},\"potentialAction\":[{\"@type\":\"SearchAction\",\"target\":{\"@type\":\"EntryPoint\",\"urlTemplate\":\"https:\\\/\\\/dgs-d.de\\\/?s={search_term_string}\"},\"query-input\":{\"@type\":\"PropertyValueSpecification\",\"valueRequired\":true,\"valueName\":\"search_term_string\"}}],\"inLanguage\":\"de\"},{\"@type\":\"Organization\",\"@id\":\"https:\\\/\\\/dgs-d.de\\\/#organization\",\"name\":\"Das Gegen\u00fcber besser verstehen\",\"url\":\"https:\\\/\\\/dgs-d.de\\\/\",\"logo\":{\"@type\":\"ImageObject\",\"inLanguage\":\"de\",\"@id\":\"https:\\\/\\\/dgs-d.de\\\/#\\\/schema\\\/logo\\\/image\\\/\",\"url\":\"https:\\\/\\\/dgs-d.de\\\/wp-content\\\/uploads\\\/2022\\\/01\\\/cropped-Logo_2-1.png\",\"contentUrl\":\"https:\\\/\\\/dgs-d.de\\\/wp-content\\\/uploads\\\/2022\\\/01\\\/cropped-Logo_2-1.png\",\"width\":153,\"height\":92,\"caption\":\"Das Gegen\u00fcber besser verstehen\"},\"image\":{\"@id\":\"https:\\\/\\\/dgs-d.de\\\/#\\\/schema\\\/logo\\\/image\\\/\"}}]}<\/script>\n<!-- \/ Yoast SEO plugin. -->","yoast_head_json":{"title":"\u00fcber mich - Das Gegen\u00fcber besser verstehen","description":"Hier erfahren Sie, wie ich zu diesem Beruf gefunden habe und was es f\u00fcr mich bedeutet, als Dolmetscherin t\u00e4tig zu sein.","robots":{"index":"index","follow":"follow","max-snippet":"max-snippet:-1","max-image-preview":"max-image-preview:large","max-video-preview":"max-video-preview:-1"},"canonical":"https:\/\/dgs-d.de\/?page_id=32","og_locale":"de_DE","og_type":"article","og_title":"\u00fcber mich - Das Gegen\u00fcber besser verstehen","og_description":"Hier erfahren Sie, wie ich zu diesem Beruf gefunden habe und was es f\u00fcr mich bedeutet, als Dolmetscherin t\u00e4tig zu sein.","og_url":"https:\/\/dgs-d.de\/?page_id=32","og_site_name":"Das Gegen\u00fcber besser verstehen","article_modified_time":"2022-01-24T10:20:08+00:00","og_image":[{"url":"https:\/\/dgs-d.de\/wp-content\/uploads\/2022\/01\/heinz-andra-247x300.jpg","type":"","width":"","height":""}],"twitter_card":"summary_large_image","twitter_misc":{"Gesch\u00e4tzte Lesezeit":"2\u00a0Minuten"},"schema":{"@context":"https:\/\/schema.org","@graph":[{"@type":"WebPage","@id":"https:\/\/dgs-d.de\/?page_id=32","url":"https:\/\/dgs-d.de\/?page_id=32","name":"\u00fcber mich - Das Gegen\u00fcber besser verstehen","isPartOf":{"@id":"https:\/\/dgs-d.de\/#website"},"primaryImageOfPage":{"@id":"https:\/\/dgs-d.de\/?page_id=32#primaryimage"},"image":{"@id":"https:\/\/dgs-d.de\/?page_id=32#primaryimage"},"thumbnailUrl":"https:\/\/dgs-d.de\/wp-content\/uploads\/2022\/01\/heinz-andra-247x300.jpg","datePublished":"2022-01-07T16:49:07+00:00","dateModified":"2022-01-24T10:20:08+00:00","description":"Hier erfahren Sie, wie ich zu diesem Beruf gefunden habe und was es f\u00fcr mich bedeutet, als Dolmetscherin t\u00e4tig zu sein.","breadcrumb":{"@id":"https:\/\/dgs-d.de\/?page_id=32#breadcrumb"},"inLanguage":"de","potentialAction":[{"@type":"ReadAction","target":["https:\/\/dgs-d.de\/?page_id=32"]}]},{"@type":"ImageObject","inLanguage":"de","@id":"https:\/\/dgs-d.de\/?page_id=32#primaryimage","url":"https:\/\/dgs-d.de\/wp-content\/uploads\/2022\/01\/heinz-andra.jpg","contentUrl":"https:\/\/dgs-d.de\/wp-content\/uploads\/2022\/01\/heinz-andra.jpg","width":1181,"height":1434},{"@type":"BreadcrumbList","@id":"https:\/\/dgs-d.de\/?page_id=32#breadcrumb","itemListElement":[{"@type":"ListItem","position":1,"name":"Startseite","item":"https:\/\/dgs-d.de\/"},{"@type":"ListItem","position":2,"name":"\u00fcber mich"}]},{"@type":"WebSite","@id":"https:\/\/dgs-d.de\/#website","url":"https:\/\/dgs-d.de\/","name":"Das Gegen\u00fcber besser verstehen","description":"\u00dcbersetzungen f\u00fcr Deutsche Geb\u00e4rdensprache &amp; Deutsch","publisher":{"@id":"https:\/\/dgs-d.de\/#organization"},"potentialAction":[{"@type":"SearchAction","target":{"@type":"EntryPoint","urlTemplate":"https:\/\/dgs-d.de\/?s={search_term_string}"},"query-input":{"@type":"PropertyValueSpecification","valueRequired":true,"valueName":"search_term_string"}}],"inLanguage":"de"},{"@type":"Organization","@id":"https:\/\/dgs-d.de\/#organization","name":"Das Gegen\u00fcber besser verstehen","url":"https:\/\/dgs-d.de\/","logo":{"@type":"ImageObject","inLanguage":"de","@id":"https:\/\/dgs-d.de\/#\/schema\/logo\/image\/","url":"https:\/\/dgs-d.de\/wp-content\/uploads\/2022\/01\/cropped-Logo_2-1.png","contentUrl":"https:\/\/dgs-d.de\/wp-content\/uploads\/2022\/01\/cropped-Logo_2-1.png","width":153,"height":92,"caption":"Das Gegen\u00fcber besser verstehen"},"image":{"@id":"https:\/\/dgs-d.de\/#\/schema\/logo\/image\/"}}]}},"_links":{"self":[{"href":"https:\/\/dgs-d.de\/index.php?rest_route=\/wp\/v2\/pages\/32","targetHints":{"allow":["GET"]}}],"collection":[{"href":"https:\/\/dgs-d.de\/index.php?rest_route=\/wp\/v2\/pages"}],"about":[{"href":"https:\/\/dgs-d.de\/index.php?rest_route=\/wp\/v2\/types\/page"}],"author":[{"embeddable":true,"href":"https:\/\/dgs-d.de\/index.php?rest_route=\/wp\/v2\/users\/1"}],"replies":[{"embeddable":true,"href":"https:\/\/dgs-d.de\/index.php?rest_route=%2Fwp%2Fv2%2Fcomments&post=32"}],"version-history":[{"count":13,"href":"https:\/\/dgs-d.de\/index.php?rest_route=\/wp\/v2\/pages\/32\/revisions"}],"predecessor-version":[{"id":146,"href":"https:\/\/dgs-d.de\/index.php?rest_route=\/wp\/v2\/pages\/32\/revisions\/146"}],"wp:attachment":[{"href":"https:\/\/dgs-d.de\/index.php?rest_route=%2Fwp%2Fv2%2Fmedia&parent=32"}],"curies":[{"name":"wp","href":"https:\/\/api.w.org\/{rel}","templated":true}]}}